{"id":82600,"date":"2004-06-05T18:39:20","date_gmt":"2004-06-05T17:39:20","guid":{"rendered":"https:\/\/vorschau.kunstverein-bad-salzdetfurth.de\/inhalt\/?post_type=product&#038;p=82600"},"modified":"2019-08-28T18:09:10","modified_gmt":"2019-08-28T17:09:10","slug":"bocca-della-verita","status":"publish","type":"product","link":"https:\/\/www.kunstverein-bad-salzdetfurth.de\/inhalt\/katalog\/bocca-della-verita\/","title":{"rendered":"\u00bbBocca della verit\u00e0\u00ab"},"content":{"rendered":"","protected":false},"excerpt":{"rendered":"<p>Herausgegeben vom Kunstverein Bad Salzdetfurth<\/p>\n<p>Mit Texten von Farideh Akashe-B\u00f6hme, Hartmut B\u00f6hme, Hubertus Halbfas, Michael Hauskeller, Hans-Werner Kalkmann, Eberhard Kruse, Heinz E. L\u00e4ssig, Teodora Manea und Jacques Monnier<br \/>\nHardcover, 21,4 x 28,5 cm<\/p>\n<p>50 Farb- und 45 s\/w-Abbildungen<\/p>\n<p>189 Seiten, Bodenburg 2004<\/p>\n<p>ISBN 3-922805-84-1<\/p>\n","protected":false},"featured_media":82601,"template":"","meta":[],"product_cat":[199],"product_tag":[],"class_list":{"0":"post-82600","1":"product","2":"type-product","3":"status-publish","4":"has-post-thumbnail","6":"product_cat-publikation","8":"first","9":"instock","10":"shipping-taxable","11":"purchasable","12":"product-type-simple"},"_links":{"self":[{"href":"https:\/\/www.kunstverein-bad-salzdetfurth.de\/inhalt\/wp-json\/wp\/v2\/product\/82600"}],"collection":[{"href":"https:\/\/www.kunstverein-bad-salzdetfurth.de\/inhalt\/wp-json\/wp\/v2\/product"}],"about":[{"href":"https:\/\/www.kunstverein-bad-salzdetfurth.de\/inhalt\/wp-json\/wp\/v2\/types\/product"}],"wp:featuredmedia":[{"embeddable":true,"href":"https:\/\/www.kunstverein-bad-salzdetfurth.de\/inhalt\/wp-json\/wp\/v2\/media\/82601"}],"wp:attachment":[{"href":"https:\/\/www.kunstverein-bad-salzdetfurth.de\/inhalt\/wp-json\/wp\/v2\/media?parent=82600"}],"wp:term":[{"taxonomy":"product_cat","embeddable":true,"href":"https:\/\/www.kunstverein-bad-salzdetfurth.de\/inhalt\/wp-json\/wp\/v2\/product_cat?post=82600"},{"taxonomy":"product_tag","embeddable":true,"href":"https:\/\/www.kunstverein-bad-salzdetfurth.de\/inhalt\/wp-json\/wp\/v2\/product_tag?post=82600"}],"curies":[{"name":"wp","href":"https:\/\/api.w.org\/{rel}","templated":true}]}}