{"id":5175,"date":"2019-06-16T15:52:24","date_gmt":"2019-06-16T14:52:24","guid":{"rendered":"https:\/\/vorschau.kunstverein-bad-salzdetfurth.de\/inhalt\/?post_type=product&#038;p=5175"},"modified":"2019-08-28T17:22:58","modified_gmt":"2019-08-28T16:22:58","slug":"eine-arche-fuer-die-kunst-das-kunstgebaeude-auf-dem-schlosshof-in-bodenburg","status":"publish","type":"product","link":"https:\/\/www.kunstverein-bad-salzdetfurth.de\/inhalt\/katalog\/eine-arche-fuer-die-kunst-das-kunstgebaeude-auf-dem-schlosshof-in-bodenburg\/","title":{"rendered":"\u00bbEine Arche f\u00fcr die Kunst \u2013 das Kunstgeb\u00e4ude auf dem Schlosshof in Bodenburg\u00ab"},"content":{"rendered":"","protected":false},"excerpt":{"rendered":"<p class=\"text\">Herausgegeben von der Stiftung Kunstgeb\u00e4ude Schlosshof Bodenburg<\/p>\n<p class=\"text\">Gerstenberg Verlag, Hildesheim 2017<\/p>\n<p>Mit Texten von Hans-Oiseau Kalkmann, Dr. Gerhard Pfennig, Dr. Eckart R\u00fcsch, Jens Kalkmann, Dr. Thomas Dahms und Gru\u00dfworten von Dr. Johanna Wanka, Gerhard Glogowski, Dr. Sabine Schormann, J\u00fcrgen Twardzik, Reiner Wegner<\/p>\n<p>160 Seiten, alle Abbildungen in Farbe<\/p>\n<p>Hardcover 28,5 x 21,4 cm<\/p>\n<p>ISBN 978-3-8067-8830-3<\/p>\n","protected":false},"featured_media":5180,"template":"","meta":[],"product_cat":[199],"product_tag":[],"class_list":{"0":"post-5175","1":"product","2":"type-product","3":"status-publish","4":"has-post-thumbnail","6":"product_cat-publikation","8":"first","9":"instock","10":"shipping-taxable","11":"purchasable","12":"product-type-simple"},"_links":{"self":[{"href":"https:\/\/www.kunstverein-bad-salzdetfurth.de\/inhalt\/wp-json\/wp\/v2\/product\/5175"}],"collection":[{"href":"https:\/\/www.kunstverein-bad-salzdetfurth.de\/inhalt\/wp-json\/wp\/v2\/product"}],"about":[{"href":"https:\/\/www.kunstverein-bad-salzdetfurth.de\/inhalt\/wp-json\/wp\/v2\/types\/product"}],"wp:featuredmedia":[{"embeddable":true,"href":"https:\/\/www.kunstverein-bad-salzdetfurth.de\/inhalt\/wp-json\/wp\/v2\/media\/5180"}],"wp:attachment":[{"href":"https:\/\/www.kunstverein-bad-salzdetfurth.de\/inhalt\/wp-json\/wp\/v2\/media?parent=5175"}],"wp:term":[{"taxonomy":"product_cat","embeddable":true,"href":"https:\/\/www.kunstverein-bad-salzdetfurth.de\/inhalt\/wp-json\/wp\/v2\/product_cat?post=5175"},{"taxonomy":"product_tag","embeddable":true,"href":"https:\/\/www.kunstverein-bad-salzdetfurth.de\/inhalt\/wp-json\/wp\/v2\/product_tag?post=5175"}],"curies":[{"name":"wp","href":"https:\/\/api.w.org\/{rel}","templated":true}]}}