{"id":20,"date":"2019-05-09T18:12:34","date_gmt":"2019-05-09T18:12:34","guid":{"rendered":"http:\/\/vorschau.kunstverein-bad-salzdetfurth.de\/wordpress\/?page_id=20"},"modified":"2019-08-11T20:03:19","modified_gmt":"2019-08-11T19:03:19","slug":"mitgliedschaft","status":"publish","type":"page","link":"https:\/\/www.kunstverein-bad-salzdetfurth.de\/inhalt\/mitgliedschaft\/","title":{"rendered":"Mitgliedschaft"},"content":{"rendered":"<div class=\"wpb-content-wrapper\"><p>[vc_row type_width=&#8220;full_size&#8220; box_size_states=&#8220;content_box_size&#8220; row_fit_to_height=&#8220;enable&#8220; row_vertical_align=&#8220;enable&#8220; row_equal_column_heigh=&#8220;enable&#8220; row_content_vertical_align=&#8220;0&#8243; row_type=&#8220;none&#8220; background_color=&#8220;rgba(255, 255, 255, 0)&#8220; row_webm_url=&#8220;&#8220; row_mp4_url=&#8220;&#8220; background_color_image=&#8220;rgba(0,0,0,0.2)&#8220; row_gradient_color=&#8220;pixflow_base64eyJjb2xvcjEiOiIjZmZmIiwiY29sb3IyIjoicmdiYSgyNTUsMjU1LDI1NSwwKSIsImNvbG9yMVBvcyI6IjAuMDAiLCJjb2xvcjJQb3MiOiIxMDAuMDAiLCJhbmdsZSI6MH0=&#8220; row_image_position=&#8220;default&#8220; row_image_position_gradient=&#8220;fit&#8220; row_bg_image_size_tab_image=&#8220;cover&#8220; row_bg_image_size_tab_gradient=&#8220;cover&#8220; row_bg_repeat_image_gp=&#8220;no&#8220; row_bg_repeat_gradient_gp=&#8220;no&#8220; row_padding_top=&#8220;45&#8243; row_padding_bottom=&#8220;45&#8243; row_padding_right=&#8220;0&#8243; row_padding_left=&#8220;0&#8243; row_margin_top=&#8220;0&#8243; row_margin_bottom=&#8220;0&#8243; row_inner_shadow=&#8220;no&#8220; row_sloped_edge=&#8220;no&#8220; row_slope_edge_position=&#8220;top&#8220; row_sloped_edge_angle=&#8220;-3&#8243; parallax_status=&#8220;enable&#8220; parallax_speed=&#8220;0&#8243;][vc_column][vc_column_text]Wenn Sie ein aktives oder f\u00f6rderndes Mitglied des Kunstvereins Bad Salzdetfurth werden m\u00f6chten, senden Sie uns bitte die folgende Beitrittserkl\u00e4rung zu.[\/vc_column_text][\/vc_column][\/vc_row][vc_row][vc_column column_width_percent=&#8220;100&#8243; align_horizontal=&#8220;align_center&#8220; overlay_alpha=&#8220;50&#8243; gutter_size=&#8220;3&#8243; medium_width=&#8220;0&#8243; mobile_width=&#8220;0&#8243; shift_x=&#8220;0&#8243; shift_y=&#8220;0&#8243; shift_y_down=&#8220;0&#8243; z_index=&#8220;0&#8243; width=&#8220;1\/1&#8243;][vc_single_image media=&#8220;4876&#8243; media_width_percent=&#8220;50&#8243; alignment=&#8220;center&#8220; media_link=&#8220;url:http%3A%2F%2Fwww.kunstverein-bad-salzdetfurth.de%2FTexte%2Fbeitrittserklrung.pdf||target:%20_blank|&#8220;][\/vc_column][\/vc_row][vc_row][vc_column column_width_percent=&#8220;100&#8243; align_horizontal=&#8220;align_center&#8220; overlay_alpha=&#8220;50&#8243; gutter_size=&#8220;3&#8243; medium_width=&#8220;0&#8243; mobile_width=&#8220;0&#8243; shift_x=&#8220;0&#8243; shift_y=&#8220;0&#8243; shift_y_down=&#8220;0&#8243; z_index=&#8220;0&#8243; width=&#8220;1\/1&#8243;][vc_button button_color=&#8220;color-169314&#8243; size=&#8220;btn-xl&#8220; radius=&#8220;btn-square&#8220; border_animation=&#8220;btn-ripple-out&#8220; border_width=&#8220;0&#8243; link=&#8220;url:http%3A%2F%2Fwww.kunstverein-bad-salzdetfurth.de%2FTexte%2Fbeitrittserklrung.pdf||target:%20_blank|&#8220;]Formular zum Ausdrucken[\/vc_button][\/vc_column][\/vc_row]<\/p>\n<\/div>","protected":false},"excerpt":{"rendered":"<p>[vc_row type_width=&#8220;full_size&#8220; box_size_states=&#8220;content_box_size&#8220; row_fit_to_height=&#8220;enable&#8220; row_vertical_align=&#8220;enable&#8220; row_equal_column_heigh=&#8220;enable&#8220; row_content_vertical_align=&#8220;0&#8243; row_type=&#8220;none&#8220; background_color=&#8220;rgba(255, 255, 255, 0)&#8220; row_webm_url=&#8220;&#8220; row_mp4_url=&#8220;&#8220; background_color_image=&#8220;rgba(0,0,0,0.2)&#8220; row_gradient_color=&#8220;pixflow_base64eyJjb2xvcjEiOiIjZmZmIiwiY29sb3IyIjoicmdiYSgyNTUsMjU1LDI1NSwwKSIsImNvbG9yMVBvcyI6IjAuMDAiLCJjb2xvcjJQb3MiOiIxMDAuMDAiLCJhbmdsZSI6MH0=&#8220; row_image_position=&#8220;default&#8220; row_image_position_gradient=&#8220;fit&#8220; row_bg_image_size_tab_image=&#8220;cover&#8220; row_bg_image_size_tab_gradient=&#8220;cover&#8220; [&hellip;]<\/p>\n","protected":false},"author":3,"featured_media":0,"parent":0,"menu_order":0,"comment_status":"closed","ping_status":"closed","template":"","meta":{"footnotes":""},"class_list":["post-20","page","type-page","status-publish","hentry"],"_links":{"self":[{"href":"https:\/\/www.kunstverein-bad-salzdetfurth.de\/inhalt\/wp-json\/wp\/v2\/pages\/20"}],"collection":[{"href":"https:\/\/www.kunstverein-bad-salzdetfurth.de\/inhalt\/wp-json\/wp\/v2\/pages"}],"about":[{"href":"https:\/\/www.kunstverein-bad-salzdetfurth.de\/inhalt\/wp-json\/wp\/v2\/types\/page"}],"author":[{"embeddable":true,"href":"https:\/\/www.kunstverein-bad-salzdetfurth.de\/inhalt\/wp-json\/wp\/v2\/users\/3"}],"replies":[{"embeddable":true,"href":"https:\/\/www.kunstverein-bad-salzdetfurth.de\/inhalt\/wp-json\/wp\/v2\/comments?post=20"}],"version-history":[{"count":5,"href":"https:\/\/www.kunstverein-bad-salzdetfurth.de\/inhalt\/wp-json\/wp\/v2\/pages\/20\/revisions"}],"predecessor-version":[{"id":81157,"href":"https:\/\/www.kunstverein-bad-salzdetfurth.de\/inhalt\/wp-json\/wp\/v2\/pages\/20\/revisions\/81157"}],"wp:attachment":[{"href":"https:\/\/www.kunstverein-bad-salzdetfurth.de\/inhalt\/wp-json\/wp\/v2\/media?parent=20"}],"curies":[{"name":"wp","href":"https:\/\/api.w.org\/{rel}","templated":true}]}}